{"id":412,"date":"2021-03-30T08:26:15","date_gmt":"2021-03-30T08:26:15","guid":{"rendered":"http:\/\/www.nicdarkthemes.com\/themes\/seafood\/wp\/demo\/seafood\/?page_id=412"},"modified":"2023-08-13T20:57:51","modified_gmt":"2023-08-13T17:57:51","slug":"about-01","status":"publish","type":"page","link":"https:\/\/turkaybelen.com\/index.php\/about-01\/","title":{"rendered":"Hakk\u0131mda"},"content":{"rendered":"\t\t<div data-elementor-type=\"wp-page\" data-elementor-id=\"412\" class=\"elementor elementor-412\">\n\t\t\t\t\t\t\t\t\t<section class=\"elementor-section elementor-top-section elementor-element elementor-element-45a632bf elementor-section-stretched elementor-section-content-middle elementor-section-boxed elementor-section-height-default elementor-section-height-default\" data-id=\"45a632bf\" data-element_type=\"section\" data-settings=\"{&quot;stretch_section&quot;:&quot;section-stretched&quot;,&quot;background_background&quot;:&quot;classic&quot;}\">\n\t\t\t\t\t\t\t<div class=\"elementor-background-overlay\"><\/div>\n\t\t\t\t\t\t\t<div class=\"elementor-container elementor-column-gap-default\">\n\t\t\t\t\t<div class=\"elementor-column elementor-col-100 elementor-top-column elementor-element elementor-element-7ed7bcea\" data-id=\"7ed7bcea\" data-element_type=\"column\">\n\t\t\t<div class=\"elementor-widget-wrap elementor-element-populated\">\n\t\t\t\t\t\t\t\t<div class=\"elementor-element elementor-element-3af9efd8 elementor-widget elementor-widget-heading\" data-id=\"3af9efd8\" data-element_type=\"widget\" data-widget_type=\"heading.default\">\n\t\t\t\t<div class=\"elementor-widget-container\">\n\t\t\t<style>\/*! elementor - v3.14.0 - 26-06-2023 *\/\n.elementor-heading-title{padding:0;margin:0;line-height:1}.elementor-widget-heading .elementor-heading-title[class*=elementor-size-]>a{color:inherit;font-size:inherit;line-height:inherit}.elementor-widget-heading .elementor-heading-title.elementor-size-small{font-size:15px}.elementor-widget-heading .elementor-heading-title.elementor-size-medium{font-size:19px}.elementor-widget-heading .elementor-heading-title.elementor-size-large{font-size:29px}.elementor-widget-heading .elementor-heading-title.elementor-size-xl{font-size:39px}.elementor-widget-heading .elementor-heading-title.elementor-size-xxl{font-size:59px}<\/style><h1 class=\"elementor-heading-title elementor-size-default\">HAKKIMDA<\/h1>\t\t<\/div>\n\t\t\t\t<\/div>\n\t\t\t\t\t<\/div>\n\t\t<\/div>\n\t\t\t\t\t\t\t<\/div>\n\t\t<\/section>\n\t\t\t\t<section class=\"elementor-section elementor-top-section elementor-element elementor-element-3970322c elementor-section-content-middle elementor-section-stretched elementor-section-boxed elementor-section-height-default elementor-section-height-default\" data-id=\"3970322c\" data-element_type=\"section\" data-settings=\"{&quot;stretch_section&quot;:&quot;section-stretched&quot;,&quot;background_background&quot;:&quot;classic&quot;}\">\n\t\t\t\t\t\t\t<div class=\"elementor-background-overlay\"><\/div>\n\t\t\t\t\t\t\t<div class=\"elementor-container elementor-column-gap-default\">\n\t\t\t\t\t<div class=\"elementor-column elementor-col-50 elementor-top-column elementor-element elementor-element-7b60ff65\" data-id=\"7b60ff65\" data-element_type=\"column\" data-settings=\"{&quot;background_background&quot;:&quot;classic&quot;}\">\n\t\t\t<div class=\"elementor-widget-wrap\">\n\t\t\t\t\t\t\t\t\t<\/div>\n\t\t<\/div>\n\t\t\t\t<div class=\"elementor-column elementor-col-50 elementor-top-column elementor-element elementor-element-6d748c45\" data-id=\"6d748c45\" data-element_type=\"column\">\n\t\t\t<div class=\"elementor-widget-wrap elementor-element-populated\">\n\t\t\t\t\t\t\t\t<section class=\"elementor-section elementor-inner-section elementor-element elementor-element-12e1ad22 elementor-section-full_width elementor-section-height-default elementor-section-height-default\" data-id=\"12e1ad22\" data-element_type=\"section\">\n\t\t\t\t\t\t<div class=\"elementor-container elementor-column-gap-default\">\n\t\t\t\t\t<div class=\"elementor-column elementor-col-100 elementor-inner-column elementor-element elementor-element-314dc62a\" data-id=\"314dc62a\" data-element_type=\"column\">\n\t\t\t<div class=\"elementor-widget-wrap elementor-element-populated\">\n\t\t\t\t\t\t\t\t<div class=\"elementor-element elementor-element-1768e98 elementor-widget elementor-widget-heading\" data-id=\"1768e98\" data-element_type=\"widget\" data-widget_type=\"heading.default\">\n\t\t\t\t<div class=\"elementor-widget-container\">\n\t\t\t<p class=\"elementor-heading-title elementor-size-default\">MTB \u2013 T\u00fcrkay Belen, Tam ad\u0131 = Mustafa T\u00fcrkay Belen<br>10 \u015fubat 1980 \u2013 Amasya do\u011fumlu \u2013 Kova burcu\n\u0130lk okulu Amasya iline ba\u011fl\u0131  Kayaba\u015f\u0131 k\u00f6y\u00fcnde tamamlad\u0131ktan sonra orta okul ve lise i\u00e7in Amasya Anadolu lisesine ge\u00e7ti. 1999 da lise e\u011fitimini tamalad\u0131ktan sonra \u00fcniversite i\u00e7in Bursa iline ta\u015f\u0131nd\u0131. 2006 da uluda\u011f \u00fcniversitesi t\u0131p fak\u00fcltesinden mezun olduktan sonra genel atama ile zorunlu hizmeti yapmak \u00fczere Y\u00fcksekova\/Hakkariye ta\u015f\u0131nd\u0131. Y\u00fcksekova devlet hastanesi acil servisinde 2 y\u0131l \u00e7al\u0131\u015ft\u0131ktan sonra TUS s\u0131nav\u0131nda ba\u015far\u0131l\u0131 olarak \u0130stanbul \u00fcniversitesi, \u0130stanbul t\u0131p fak\u00fcltesini \u2013 Genel cerrahi uzmanl\u0131k alan\u0131n\u0131 kazand\u0131. Bu sebepten dolay\u0131 2008 ile 2013 y\u0131llar\u0131 aras\u0131nda \u0130stanbulda ya\u015fad\u0131. Genel cerrahi uzmanl\u0131k tezini, Obezite ve metabolik hastal\u0131klar\u0131 olan hastalar i\u00e7in yap\u0131lan Gastrik Sleeve ve Gastrik By-pass sonu\u00e7lar\u0131n\u0131n kar\u015f\u0131la\u015ft\u0131rmas\u0131 \u00fczerine yapt\u0131. Genel cerrahi uzman\u0131 olduktan sonra ikinci kez zorunlu hizmet i\u00e7in \u0130nebolu\/Kastamonuya gitti. Deniz manzaral\u0131 konumu olan inebolu Devlet hastanesinde 2013 ve 2015 y\u0131llar\u0131 aras\u0131nda \u00e7al\u0131\u015ft\u0131. 2015 de tekrardan istanbula ta\u015f\u0131narak \u00d6zel hastanede sa\u011fl\u0131k hizmeti vermeye ba\u015flad\u0131. 2016 da evlendi. 2017 de Minimal invaziv ve ileri laparoskopi e\u011fitimi i\u00e7in Heidelberg\/Almanyada bulundu. 2017 sonlar\u0131nda kal\u0131c\u0131 olarak ya\u015famay\u0131 planlad\u0131\u011f\u0131 yer olarak se\u00e7ti\u011fi Antalyaya ta\u015f\u0131nd\u0131. T\u00fcrkiye Cumhuriyetinin kurucusu ulu \u00f6nder Atat\u00fcrk\u2019\u00fcn Antalya hakk\u0131nda s\u00f6yledi\u011fi \u2018Antalya d\u00fcnyan\u0131n en g\u00fczel \u015fehridir\u2019 c\u00fcmleside Antalyaya ta\u015f\u0131nmas\u0131na etken oldu. Antalyada \u00f6zel sekt\u00f6rde \u00e7al\u0131\u015f\u0131rken 10 ay kadarl\u0131k bir s\u00fcre Finike Devlet hastanesinde g\u00f6rev ald\u0131. Genel cerrahi uzmanl\u0131\u011f\u0131n\u0131 severek yapmakla beraber son y\u0131llarda t\u00fcm dikkat ve \u00f6zenini \u00f6zellikle \u2018Obezite ve Metabolik hastal\u0131klar\u0131n cerrahi tedavisine\u2019 yo\u011funla\u015ft\u0131rd\u0131. \n<\/p>\t\t<\/div>\n\t\t\t\t<\/div>\n\t\t\t\t\t<\/div>\n\t\t<\/div>\n\t\t\t\t\t\t\t<\/div>\n\t\t<\/section>\n\t\t\t\t\t<\/div>\n\t\t<\/div>\n\t\t\t\t\t\t\t<\/div>\n\t\t<\/section>\n\t\t\t\t\t\t\t<\/div>\n\t\t","protected":false},"excerpt":{"rendered":"<p>HAKKIMDA MTB \u2013 T\u00fcrkay Belen, Tam ad\u0131 = Mustafa T\u00fcrkay Belen10 \u015fubat 1980 \u2013 Amasya do\u011fumlu \u2013 Kova burcu \u0130lk okulu Amasya iline ba\u011fl\u0131 Kayaba\u015f\u0131 k\u00f6y\u00fcnde tamamlad\u0131ktan sonra orta okul ve lise i\u00e7in Amasya Anadolu lisesine ge\u00e7ti. 1999 da lise e\u011fitimini tamalad\u0131ktan sonra \u00fcniversite i\u00e7in Bursa iline ta\u015f\u0131nd\u0131. 2006 da uluda\u011f \u00fcniversitesi t\u0131p fak\u00fcltesinden mezun [&hellip;]<\/p>\n","protected":false},"author":1,"featured_media":0,"parent":0,"menu_order":0,"comment_status":"closed","ping_status":"closed","template":"","meta":{"footnotes":""},"_links":{"self":[{"href":"https:\/\/turkaybelen.com\/index.php\/wp-json\/wp\/v2\/pages\/412"}],"collection":[{"href":"https:\/\/turkaybelen.com\/index.php\/wp-json\/wp\/v2\/pages"}],"about":[{"href":"https:\/\/turkaybelen.com\/index.php\/wp-json\/wp\/v2\/types\/page"}],"author":[{"embeddable":true,"href":"https:\/\/turkaybelen.com\/index.php\/wp-json\/wp\/v2\/users\/1"}],"replies":[{"embeddable":true,"href":"https:\/\/turkaybelen.com\/index.php\/wp-json\/wp\/v2\/comments?post=412"}],"version-history":[{"count":13,"href":"https:\/\/turkaybelen.com\/index.php\/wp-json\/wp\/v2\/pages\/412\/revisions"}],"predecessor-version":[{"id":12522,"href":"https:\/\/turkaybelen.com\/index.php\/wp-json\/wp\/v2\/pages\/412\/revisions\/12522"}],"wp:attachment":[{"href":"https:\/\/turkaybelen.com\/index.php\/wp-json\/wp\/v2\/media?parent=412"}],"curies":[{"name":"wp","href":"https:\/\/api.w.org\/{rel}","templated":true}]}}